{"id":12,"date":"2014-01-03T14:01:39","date_gmt":"2014-01-03T13:01:39","guid":{"rendered":"http:\/\/www.bestellbaer.de:8877\/?page_id=12"},"modified":"2021-01-15T17:07:03","modified_gmt":"2021-01-15T16:07:03","slug":"ausstattung","status":"publish","type":"page","link":"https:\/\/www.ferienhaus-seepark-eiken.de\/?page_id=12","title":{"rendered":"Ausstattung"},"content":{"rendered":"<p>Die erholsamen Tage geh\u00f6ren Ihnen! Das Ferienhaus Strandkorb in der Urlaubsregion Emsland hat 4 Schlafzimmer f\u00fcr bis zu 7 Personen und 1 Kind bis 3 Jahren im Kinderreisebett. Alle R\u00e4ume im Erdgeschoss sind barrierefrei.<br><br><\/p>\nngg_shortcode_0_placeholder\n\n\n<p>Weitere Informationen zu Zimmern und Ausstattung erhalten Sie auf <a href=\"https:\/\/www.ferienhausmiete.de\/261378.htm\" target=\"_blank\" rel=\"noreferrer noopener\">Ferienhausmiete.de<\/a>.<\/p>\n","protected":false},"excerpt":{"rendered":"<p>Die erholsamen Tage geh\u00f6ren Ihnen! Das Ferienhaus Strandkorb in der Urlaubsregion Emsland hat 4 Schlafzimmer f\u00fcr bis zu 7 Personen und 1 Kind bis 3 Jahren im Kinderreisebett. Alle R\u00e4ume im Erdgeschoss sind barrierefrei. Weitere Informationen zu Zimmern und Ausstattung erhalten Sie auf Ferienhausmiete.de.<\/p>\n","protected":false},"author":1,"featured_media":0,"parent":0,"menu_order":0,"comment_status":"closed","ping_status":"open","template":"","meta":{"_monsterinsights_skip_tracking":false,"_monsterinsights_sitenote_active":false,"_monsterinsights_sitenote_note":"","_monsterinsights_sitenote_category":0,"ngg_post_thumbnail":0,"footnotes":""},"class_list":["post-12","page","type-page","status-publish","hentry"],"yoast_head":"<!-- This site is optimized with the Yoast SEO plugin v27.5 - https:\/\/yoast.com\/product\/yoast-seo-wordpress\/ -->\n<title>Ausstattung - Ferienhaus Strandkorb im Seepark Eiken (Emsland)<\/title>\n<meta name=\"robots\" content=\"index, follow, max-snippet:-1, max-image-preview:large, max-video-preview:-1\" \/>\n<link rel=\"canonical\" href=\"https:\/\/www.ferienhaus-seepark-eiken.de\/?page_id=12\" \/>\n<meta property=\"og:locale\" content=\"de_DE\" \/>\n<meta property=\"og:type\" content=\"article\" \/>\n<meta property=\"og:title\" content=\"Ausstattung - Ferienhaus Strandkorb im Seepark Eiken (Emsland)\" \/>\n<meta property=\"og:description\" content=\"Die erholsamen Tage geh\u00f6ren Ihnen! Das Ferienhaus Strandkorb in der Urlaubsregion Emsland hat 4 Schlafzimmer f\u00fcr bis zu 7 Personen und 1 Kind bis 3 Jahren im Kinderreisebett. Alle R\u00e4ume im Erdgeschoss sind barrierefrei. Weitere Informationen zu Zimmern und Ausstattung erhalten Sie auf Ferienhausmiete.de.\" \/>\n<meta property=\"og:url\" content=\"https:\/\/www.ferienhaus-seepark-eiken.de\/?page_id=12\" \/>\n<meta property=\"og:site_name\" content=\"Ferienhaus Strandkorb im Seepark Eiken (Emsland)\" \/>\n<meta property=\"article:modified_time\" content=\"2021-01-15T16:07:03+00:00\" \/>\n<meta name=\"twitter:label1\" content=\"Gesch\u00e4tzte Lesezeit\" \/>\n\t<meta name=\"twitter:data1\" content=\"1\u00a0Minute\" \/>\n<script type=\"application\/ld+json\" class=\"yoast-schema-graph\">{\"@context\":\"https:\\\/\\\/schema.org\",\"@graph\":[{\"@type\":\"WebPage\",\"@id\":\"https:\\\/\\\/www.ferienhaus-seepark-eiken.de\\\/?page_id=12\",\"url\":\"https:\\\/\\\/www.ferienhaus-seepark-eiken.de\\\/?page_id=12\",\"name\":\"Ausstattung - Ferienhaus Strandkorb im Seepark Eiken (Emsland)\",\"isPartOf\":{\"@id\":\"https:\\\/\\\/www.ferienhaus-seepark-eiken.de\\\/#website\"},\"datePublished\":\"2014-01-03T13:01:39+00:00\",\"dateModified\":\"2021-01-15T16:07:03+00:00\",\"breadcrumb\":{\"@id\":\"https:\\\/\\\/www.ferienhaus-seepark-eiken.de\\\/?page_id=12#breadcrumb\"},\"inLanguage\":\"de\",\"potentialAction\":[{\"@type\":\"ReadAction\",\"target\":[\"https:\\\/\\\/www.ferienhaus-seepark-eiken.de\\\/?page_id=12\"]}]},{\"@type\":\"BreadcrumbList\",\"@id\":\"https:\\\/\\\/www.ferienhaus-seepark-eiken.de\\\/?page_id=12#breadcrumb\",\"itemListElement\":[{\"@type\":\"ListItem\",\"position\":1,\"name\":\"Home\",\"item\":\"https:\\\/\\\/www.ferienhaus-seepark-eiken.de\\\/\"},{\"@type\":\"ListItem\",\"position\":2,\"name\":\"Ausstattung\"}]},{\"@type\":\"WebSite\",\"@id\":\"https:\\\/\\\/www.ferienhaus-seepark-eiken.de\\\/#website\",\"url\":\"https:\\\/\\\/www.ferienhaus-seepark-eiken.de\\\/\",\"name\":\"Ferienhaus Strandkorb im Seepark Eiken (Emsland)\",\"description\":\"\",\"potentialAction\":[{\"@type\":\"SearchAction\",\"target\":{\"@type\":\"EntryPoint\",\"urlTemplate\":\"https:\\\/\\\/www.ferienhaus-seepark-eiken.de\\\/?s={search_term_string}\"},\"query-input\":{\"@type\":\"PropertyValueSpecification\",\"valueRequired\":true,\"valueName\":\"search_term_string\"}}],\"inLanguage\":\"de\"}]}<\/script>\n<!-- \/ Yoast SEO plugin. -->","yoast_head_json":{"title":"Ausstattung - Ferienhaus Strandkorb im Seepark Eiken (Emsland)","robots":{"index":"index","follow":"follow","max-snippet":"max-snippet:-1","max-image-preview":"max-image-preview:large","max-video-preview":"max-video-preview:-1"},"canonical":"https:\/\/www.ferienhaus-seepark-eiken.de\/?page_id=12","og_locale":"de_DE","og_type":"article","og_title":"Ausstattung - Ferienhaus Strandkorb im Seepark Eiken (Emsland)","og_description":"Die erholsamen Tage geh\u00f6ren Ihnen! Das Ferienhaus Strandkorb in der Urlaubsregion Emsland hat 4 Schlafzimmer f\u00fcr bis zu 7 Personen und 1 Kind bis 3 Jahren im Kinderreisebett. Alle R\u00e4ume im Erdgeschoss sind barrierefrei. Weitere Informationen zu Zimmern und Ausstattung erhalten Sie auf Ferienhausmiete.de.","og_url":"https:\/\/www.ferienhaus-seepark-eiken.de\/?page_id=12","og_site_name":"Ferienhaus Strandkorb im Seepark Eiken (Emsland)","article_modified_time":"2021-01-15T16:07:03+00:00","twitter_misc":{"Gesch\u00e4tzte Lesezeit":"1\u00a0Minute"},"schema":{"@context":"https:\/\/schema.org","@graph":[{"@type":"WebPage","@id":"https:\/\/www.ferienhaus-seepark-eiken.de\/?page_id=12","url":"https:\/\/www.ferienhaus-seepark-eiken.de\/?page_id=12","name":"Ausstattung - Ferienhaus Strandkorb im Seepark Eiken (Emsland)","isPartOf":{"@id":"https:\/\/www.ferienhaus-seepark-eiken.de\/#website"},"datePublished":"2014-01-03T13:01:39+00:00","dateModified":"2021-01-15T16:07:03+00:00","breadcrumb":{"@id":"https:\/\/www.ferienhaus-seepark-eiken.de\/?page_id=12#breadcrumb"},"inLanguage":"de","potentialAction":[{"@type":"ReadAction","target":["https:\/\/www.ferienhaus-seepark-eiken.de\/?page_id=12"]}]},{"@type":"BreadcrumbList","@id":"https:\/\/www.ferienhaus-seepark-eiken.de\/?page_id=12#breadcrumb","itemListElement":[{"@type":"ListItem","position":1,"name":"Home","item":"https:\/\/www.ferienhaus-seepark-eiken.de\/"},{"@type":"ListItem","position":2,"name":"Ausstattung"}]},{"@type":"WebSite","@id":"https:\/\/www.ferienhaus-seepark-eiken.de\/#website","url":"https:\/\/www.ferienhaus-seepark-eiken.de\/","name":"Ferienhaus Strandkorb im Seepark Eiken (Emsland)","description":"","potentialAction":[{"@type":"SearchAction","target":{"@type":"EntryPoint","urlTemplate":"https:\/\/www.ferienhaus-seepark-eiken.de\/?s={search_term_string}"},"query-input":{"@type":"PropertyValueSpecification","valueRequired":true,"valueName":"search_term_string"}}],"inLanguage":"de"}]}},"_links":{"self":[{"href":"https:\/\/www.ferienhaus-seepark-eiken.de\/index.php?rest_route=\/wp\/v2\/pages\/12","targetHints":{"allow":["GET"]}}],"collection":[{"href":"https:\/\/www.ferienhaus-seepark-eiken.de\/index.php?rest_route=\/wp\/v2\/pages"}],"about":[{"href":"https:\/\/www.ferienhaus-seepark-eiken.de\/index.php?rest_route=\/wp\/v2\/types\/page"}],"author":[{"embeddable":true,"href":"https:\/\/www.ferienhaus-seepark-eiken.de\/index.php?rest_route=\/wp\/v2\/users\/1"}],"replies":[{"embeddable":true,"href":"https:\/\/www.ferienhaus-seepark-eiken.de\/index.php?rest_route=%2Fwp%2Fv2%2Fcomments&post=12"}],"version-history":[{"count":31,"href":"https:\/\/www.ferienhaus-seepark-eiken.de\/index.php?rest_route=\/wp\/v2\/pages\/12\/revisions"}],"predecessor-version":[{"id":353,"href":"https:\/\/www.ferienhaus-seepark-eiken.de\/index.php?rest_route=\/wp\/v2\/pages\/12\/revisions\/353"}],"wp:attachment":[{"href":"https:\/\/www.ferienhaus-seepark-eiken.de\/index.php?rest_route=%2Fwp%2Fv2%2Fmedia&parent=12"}],"curies":[{"name":"wp","href":"https:\/\/api.w.org\/{rel}","templated":true}]}}